{"id":200,"date":"2024-11-07T17:01:36","date_gmt":"2024-11-07T16:01:36","guid":{"rendered":"https:\/\/cloud.airnubeiro.es\/?page_id=200"},"modified":"2025-05-17T01:38:20","modified_gmt":"2025-05-16T23:38:20","slug":"sala-de-comunicados","status":"publish","type":"page","link":"https:\/\/cloud.airnubeiro.es\/index.php\/sala-de-comunicados\/","title":{"rendered":"Sala de comunicados"},"content":{"rendered":"\n<details class=\"wp-block-details is-layout-flow wp-block-details-is-layout-flow\"><summary>17 de mayo de 2025<\/summary>\n<p class=\"wp-block-paragraph\">Sobre o estado e desmpe\u00f1o do galego na compa\u00f1\u00eda &#8211; Letras Galegas 2025 &#8211; <strong>Compromiso coa Lingua<\/strong><\/p>\n\n\n\n<div data-wp-interactive=\"core\/file\" class=\"wp-block-file\"><object data-wp-bind--hidden=\"!state.hasPdfPreview\" hidden class=\"wp-block-file__embed\" data=\"https:\/\/cloud.airnubeiro.es\/wp-content\/uploads\/2025\/05\/17_05_2025.pdf\" type=\"application\/pdf\" style=\"width:100%;height:600px\" aria-label=\"Embed of 17_05_2025.\"><\/object><a id=\"wp-block-file--media-06849c33-a6a2-4e26-9709-dc6d2ce9b9c8\" href=\"https:\/\/cloud.airnubeiro.es\/wp-content\/uploads\/2025\/05\/17_05_2025.pdf\">17_05_2025<\/a><a href=\"https:\/\/cloud.airnubeiro.es\/wp-content\/uploads\/2025\/05\/17_05_2025.pdf\" class=\"wp-block-file__button wp-element-button\" download aria-describedby=\"wp-block-file--media-06849c33-a6a2-4e26-9709-dc6d2ce9b9c8\">Download<\/a><\/div>\n<\/details>\n\n\n\n<details class=\"wp-block-details is-layout-flow wp-block-details-is-layout-flow\"><summary>9 de enero de 2025<\/summary>\n<p class=\"wp-block-paragraph\">Resoluci\u00f3n Convocatorias 2025<\/p>\n\n\n\n<div data-wp-interactive=\"core\/file\" class=\"wp-block-file\"><object data-wp-bind--hidden=\"!state.hasPdfPreview\" hidden class=\"wp-block-file__embed\" data=\"https:\/\/cloud.airnubeiro.es\/wp-content\/uploads\/2025\/01\/comunicado_09_01_2025-1.pdf\" type=\"application\/pdf\" style=\"width:100%;height:600px\" aria-label=\"Embed of comunicado_09_01_2025.\"><\/object><a id=\"wp-block-file--media-33fdf6de-e70a-472e-aa9d-7a9de78e8769\" href=\"https:\/\/cloud.airnubeiro.es\/wp-content\/uploads\/2025\/01\/comunicado_09_01_2025-1.pdf\">comunicado_09_01_2025<\/a><a href=\"https:\/\/cloud.airnubeiro.es\/wp-content\/uploads\/2025\/01\/comunicado_09_01_2025-1.pdf\" class=\"wp-block-file__button wp-element-button\" download aria-describedby=\"wp-block-file--media-33fdf6de-e70a-472e-aa9d-7a9de78e8769\">Download<\/a><\/div>\n<\/details>\n\n\n\n<details class=\"wp-block-details is-layout-flow wp-block-details-is-layout-flow\"><summary>14 de noviembre de 2024<\/summary>\n<p class=\"wp-block-paragraph\">Sobre o estado do galego<\/p>\n\n\n\n<div data-wp-interactive=\"core\/file\" class=\"wp-block-file\"><object data-wp-bind--hidden=\"!state.hasPdfPreview\" hidden class=\"wp-block-file__embed\" data=\"https:\/\/cloud.airnubeiro.es\/wp-content\/uploads\/2024\/11\/comunicado_14_10_2024-2.pdf\" type=\"application\/pdf\" style=\"width:100%;height:600px\" aria-label=\"Embed of comunicado_14_10_2024.\"><\/object><a id=\"wp-block-file--media-6fb257a4-4611-4b83-ad53-4392881d934c\" href=\"https:\/\/cloud.airnubeiro.es\/wp-content\/uploads\/2024\/11\/comunicado_14_10_2024-2.pdf\">comunicado_14_10_2024<\/a><a href=\"https:\/\/cloud.airnubeiro.es\/wp-content\/uploads\/2024\/11\/comunicado_14_10_2024-2.pdf\" class=\"wp-block-file__button wp-element-button\" download aria-describedby=\"wp-block-file--media-6fb257a4-4611-4b83-ad53-4392881d934c\">Download<\/a><\/div>\n<\/details>\n","protected":false},"excerpt":{"rendered":"17 de mayo de 2025 Sobre o estado e desmpe\u00f1o do galego na compa\u00f1\u00eda - Letras Galegas 2025 - Compromiso coa Lingua 17_05_2025Download 9 de&hellip;","protected":false},"author":2,"featured_media":0,"parent":0,"menu_order":0,"comment_status":"closed","ping_status":"closed","template":"","meta":{"_crdt_document":"","footnotes":""},"class_list":["post-200","page","type-page","status-publish","hentry"],"_links":{"self":[{"href":"https:\/\/cloud.airnubeiro.es\/index.php\/wp-json\/wp\/v2\/pages\/200","targetHints":{"allow":["GET"]}}],"collection":[{"href":"https:\/\/cloud.airnubeiro.es\/index.php\/wp-json\/wp\/v2\/pages"}],"about":[{"href":"https:\/\/cloud.airnubeiro.es\/index.php\/wp-json\/wp\/v2\/types\/page"}],"author":[{"embeddable":true,"href":"https:\/\/cloud.airnubeiro.es\/index.php\/wp-json\/wp\/v2\/users\/2"}],"replies":[{"embeddable":true,"href":"https:\/\/cloud.airnubeiro.es\/index.php\/wp-json\/wp\/v2\/comments?post=200"}],"version-history":[{"count":15,"href":"https:\/\/cloud.airnubeiro.es\/index.php\/wp-json\/wp\/v2\/pages\/200\/revisions"}],"predecessor-version":[{"id":256,"href":"https:\/\/cloud.airnubeiro.es\/index.php\/wp-json\/wp\/v2\/pages\/200\/revisions\/256"}],"wp:attachment":[{"href":"https:\/\/cloud.airnubeiro.es\/index.php\/wp-json\/wp\/v2\/media?parent=200"}],"curies":[{"name":"wp","href":"https:\/\/api.w.org\/{rel}","templated":true}]}}