{"id":149,"date":"2024-02-20T19:08:44","date_gmt":"2024-02-20T18:08:44","guid":{"rendered":"https:\/\/cloud.airnubeiro.es\/?page_id=149"},"modified":"2025-01-15T17:52:17","modified_gmt":"2025-01-15T16:52:17","slug":"pagina-de-errores-informaticos","status":"publish","type":"page","link":"https:\/\/cloud.airnubeiro.es\/index.php\/pagina-de-errores-informaticos\/","title":{"rendered":"Estado de los servicios inform\u00e1ticos"},"content":{"rendered":"<p>[vc_row][vc_column][vc_message message_box_color=&#8221;alert-warning&#8221; icon_fontawesome=&#8221;fas fa-exclamation-triangle&#8221;]Se est\u00e1n realizando trabajos de mantenimiento en el <strong>Centro Integrado de Tripulaci\u00f3n<\/strong>. Algunas opciones como la reserva de vuelos se podr\u00e1n ver afectadas.<\/p>\n<p>Puedes informar de un fallo pinchando en el bot\u00f3n de aqu\u00ed abajo, en <a href=\"https:\/\/airnubeiro.es\/tickets\/\">airnubeiro.es\/tickets<\/a> o enviando un correo a <a href=\"mailto:web@airnubeiro.es\">web@airnubeiro.es<\/a>.[\/vc_message][\/vc_column][\/vc_row][vc_row][vc_column][vc_separator][vc_btn title=&#8221;Informar de un error&#8221; style=&#8221;classic&#8221; color=&#8221;primary&#8221; size=&#8221;lg&#8221; align=&#8221;center&#8221; i_icon_fontawesome=&#8221;fas fa-envelope&#8221; button_block=&#8221;true&#8221; add_icon=&#8221;true&#8221; link=&#8221;url:https%3A%2F%2Fairnubeiro.es%2Ftickets%2F|title:Contacta%20con%20nosotros|target:_blank&#8221;][\/vc_column][\/vc_row][vc_row][vc_column][vc_separator][\/vc_column][\/vc_row][vc_row][vc_column][vc_column_text]<\/p>\n<h2><strong>Estado de los servicios inform\u00e1ticos:<\/strong><\/h2>\n<p><span class=\"fe5nidar khvhiq1o r5qsrrlp i5tg98hk f9ovudaz przvwfww gx1rr48f gfz4du6o r7fjleex nz2484kf svot0ezm dcnh1tix sxl192xd t3g6t33p\"><span class=\"mpj7bzys xzlurrtv\">\ud83c\udfe0 <\/span><\/span>P\u00e1gina <strong>principal<\/strong> (<a href=\"https:\/\/airnubeiro.es\">airnubeiro.es<\/a>) (estado: sin incidencias reportadas<span class=\"fe5nidar khvhiq1o r5qsrrlp i5tg98hk f9ovudaz przvwfww gx1rr48f gfz4du6o r7fjleex nz2484kf svot0ezm dcnh1tix sxl192xd t3g6t33p\"><span class=\"mpj7bzys xzlurrtv\">\u2705<\/span><\/span>)<\/p>\n<p><span class=\"fe5nidar khvhiq1o r5qsrrlp i5tg98hk f9ovudaz przvwfww gx1rr48f gfz4du6o r7fjleex nz2484kf svot0ezm dcnh1tix sxl192xd t3g6t33p\"><span class=\"mpj7bzys xzlurrtv\">\ud83d\udcdd <\/span><\/span>Centro de <b>Certificaciones <\/b>(<a href=\"https:\/\/test.airnubeiro.es\">test.airnubeiro.es<\/a>) (estado: estado: sin incidencias reportadas<span class=\"fe5nidar khvhiq1o r5qsrrlp i5tg98hk f9ovudaz przvwfww gx1rr48f gfz4du6o r7fjleex nz2484kf svot0ezm dcnh1tix sxl192xd t3g6t33p\"><span class=\"mpj7bzys xzlurrtv\">\u2705<\/span><\/span>)<\/p>\n<p><span class=\"fe5nidar khvhiq1o r5qsrrlp i5tg98hk f9ovudaz przvwfww gx1rr48f gfz4du6o r7fjleex nz2484kf svot0ezm dcnh1tix sxl192xd t3g6t33p\"><span class=\"mpj7bzys xzlurrtv\">\ud83d\ude4b\u200d\u2642\ufe0f <\/span><\/span>Centro de <strong>Convocatorias<\/strong> (<a href=\"https:\/\/convocatorias.airnubeiro.es\">convocatorias.airnubeiro.es<\/a>) (estado:estado: sin incidencias reportadas<span class=\"fe5nidar khvhiq1o r5qsrrlp i5tg98hk f9ovudaz przvwfww gx1rr48f gfz4du6o r7fjleex nz2484kf svot0ezm dcnh1tix sxl192xd t3g6t33p\"><span class=\"mpj7bzys xzlurrtv\">\u2705<\/span><\/span>)<\/p>\n<p><span class=\"fe5nidar khvhiq1o r5qsrrlp i5tg98hk f9ovudaz przvwfww gx1rr48f gfz4du6o r7fjleex nz2484kf svot0ezm dcnh1tix sxl192xd t3g6t33p\"><span class=\"mpj7bzys xzlurrtv\">\ud83d\udce7 <\/span><\/span>Centro de <strong>tickets<\/strong> y soporte (<a href=\"https:\/\/airnubeiro.es\/tickets\/\">airnubeiro.es\/tickets<\/a>) (estado: sin incidencias reportadas<span class=\"fe5nidar khvhiq1o r5qsrrlp i5tg98hk f9ovudaz przvwfww gx1rr48f gfz4du6o r7fjleex nz2484kf svot0ezm dcnh1tix sxl192xd t3g6t33p\"><span class=\"mpj7bzys xzlurrtv\">\u2705<\/span><\/span>)<\/p>\n<p><span class=\"fe5nidar khvhiq1o r5qsrrlp i5tg98hk f9ovudaz przvwfww gx1rr48f gfz4du6o r7fjleex nz2484kf svot0ezm dcnh1tix sxl192xd t3g6t33p\"><span class=\"mpj7bzys xzlurrtv\">\ud83c\udfaa <\/span><\/span>Centro de <strong>eventos<\/strong> (<a href=\"https:\/\/airnubeiro.es\/eventos\/\">airnubeiro.es\/eventos<\/a>) (estado: sin incidencias reportadas<span class=\"fe5nidar khvhiq1o r5qsrrlp i5tg98hk f9ovudaz przvwfww gx1rr48f gfz4du6o r7fjleex nz2484kf svot0ezm dcnh1tix sxl192xd t3g6t33p\"><span class=\"mpj7bzys xzlurrtv\">\u2705<\/span><\/span>)<\/p>\n<p>\ud83d\udcda <strong>Centro de Recursos\u00a0<\/strong>(<a href=\"https:\/\/biblioteca.airnubeiro.es\">biblioteca.airnubeiro.es<\/a>) (estado: sin incidencias reportadas<span class=\"fe5nidar khvhiq1o r5qsrrlp i5tg98hk f9ovudaz przvwfww gx1rr48f gfz4du6o r7fjleex nz2484kf svot0ezm dcnh1tix sxl192xd t3g6t33p\"><span class=\"mpj7bzys xzlurrtv\">\u2705<\/span><\/span>)<\/p>\n<p><strong><span class=\"fe5nidar khvhiq1o r5qsrrlp i5tg98hk f9ovudaz przvwfww gx1rr48f gfz4du6o r7fjleex nz2484kf svot0ezm dcnh1tix sxl192xd t3g6t33p\"><span class=\"mpj7bzys xzlurrtv\">\u2601\ufe0f <\/span><\/span>Cloud<\/strong> (<a href=\"https:\/\/cloud.airnubeiro.es\">cloud.airnubeiro.es<\/a>) (estado: sin incidencias reportadas<span class=\"fe5nidar khvhiq1o r5qsrrlp i5tg98hk f9ovudaz przvwfww gx1rr48f gfz4du6o r7fjleex nz2484kf svot0ezm dcnh1tix sxl192xd t3g6t33p\"><span class=\"mpj7bzys xzlurrtv\">\u2705<\/span><\/span>)<\/p>\n<p><strong><span class=\"fe5nidar khvhiq1o r5qsrrlp i5tg98hk f9ovudaz przvwfww gx1rr48f gfz4du6o r7fjleex nz2484kf svot0ezm dcnh1tix sxl192xd t3g6t33p\"><span class=\"mpj7bzys xzlurrtv\">\ud83d\udc68\u200d\u2708\ufe0f <\/span><\/span>iCrew<\/strong> &#8211; Centro de tripulaci\u00f3n (<a href=\"https:\/\/operaciones.airnubeiro.es\">operaciones.airnubeiro.es<\/a>) (estado: realizando trabajos de mantenimiento <span class=\"x19la9d6 x1fc57z9 x6ikm8r x10wlt62 x19co3pv x1g5zs5t xfibh0p xiy17q3 x1xsqp64 x1lkfr7t xexx8yu x4uap5 x18d9i69 xkhd6sd\"><span class=\"xrtxmta x1bhl96m\">\u26a0\ufe0f<\/span><\/span>)[\/vc_column_text][\/vc_column][\/vc_row]<\/p>\n","protected":false},"excerpt":{"rendered":"<p>[vc_row][vc_column][vc_message message_box_color=&#8221;alert-warning&#8221; icon_fontawesome=&#8221;fas fa-exclamation-triangle&#8221;]Se est\u00e1n realizando trabajos de mantenimiento en el Centro Integrado de Tripulaci\u00f3n. Algunas opciones como la reserva de vuelos se podr\u00e1n ver&hellip;<\/p>\n","protected":false},"author":2,"featured_media":0,"parent":0,"menu_order":0,"comment_status":"closed","ping_status":"closed","template":"","meta":{"_crdt_document":"","footnotes":""},"class_list":["post-149","page","type-page","status-publish","hentry"],"_links":{"self":[{"href":"https:\/\/cloud.airnubeiro.es\/index.php\/wp-json\/wp\/v2\/pages\/149","targetHints":{"allow":["GET"]}}],"collection":[{"href":"https:\/\/cloud.airnubeiro.es\/index.php\/wp-json\/wp\/v2\/pages"}],"about":[{"href":"https:\/\/cloud.airnubeiro.es\/index.php\/wp-json\/wp\/v2\/types\/page"}],"author":[{"embeddable":true,"href":"https:\/\/cloud.airnubeiro.es\/index.php\/wp-json\/wp\/v2\/users\/2"}],"replies":[{"embeddable":true,"href":"https:\/\/cloud.airnubeiro.es\/index.php\/wp-json\/wp\/v2\/comments?post=149"}],"version-history":[{"count":13,"href":"https:\/\/cloud.airnubeiro.es\/index.php\/wp-json\/wp\/v2\/pages\/149\/revisions"}],"predecessor-version":[{"id":243,"href":"https:\/\/cloud.airnubeiro.es\/index.php\/wp-json\/wp\/v2\/pages\/149\/revisions\/243"}],"wp:attachment":[{"href":"https:\/\/cloud.airnubeiro.es\/index.php\/wp-json\/wp\/v2\/media?parent=149"}],"curies":[{"name":"wp","href":"https:\/\/api.w.org\/{rel}","templated":true}]}}